{"id":709,"date":"2013-11-01T18:41:17","date_gmt":"2013-11-01T16:41:17","guid":{"rendered":"http:\/\/halloween-haus.de\/?page_id=709"},"modified":"2019-03-20T00:18:54","modified_gmt":"2019-03-19T22:18:54","slug":"geschichte","status":"publish","type":"page","link":"http:\/\/halloween-haus.de\/?page_id=709","title":{"rendered":"Geschichte"},"content":{"rendered":"<p>vom Halloween-Haus<\/p>\n<p>Das Privathaus von Gerd Willenberg wird in der Regel im Rhythmus von 2 auf einander folgenden Jahren mit einem anschlie\u00dfenden Jahr Pause dekoriert.<br \/>\nW\u00fcrstchen, Punsch und ein wechselndes Sortiment aus Waffeln, selbst gemachten Halloween T\u00f6rtchen\/Keksen etc. gibt es gegen eine kleine Mindestspende.<\/p>\n<p>1998 fing alles mit dem Weihnachtshaus an.<br \/>\n1999 wurden bereits Spendengelder in h\u00f6he von 12.044DM f\u00fcr die WA-Aktion &#8222;Menschen in Not&#8220; gesammelt,<br \/>\nda sich die Firmen Jahns SB, Kaminbau H\u00fcbner, Uhrenvertrieb K+K und Busreisen Dargel beteiligten.<br \/>\nWeihnachten 2000 und 2001 waren ein gro\u00dfer Erfolg.<br \/>\n2002 folgte dann eine Pause, damit die Helfer Weihnachten auch mal mit ihren Familien verbringen konnten.<br \/>\nAus privaten Gr\u00fcnden\u00a0wollte Gerd Willenberg das Weihnachtshaus nicht mehr weiter f\u00fchren.<br \/>\nIm Jahre 2008 folgte darauf das Halloweenhaus.<\/p>\n<p>Daten und Fakten:<br \/>\n<strong>Weihnachtshaus<\/strong><br \/>\nIm Jahr 1998 waren ca. 5.000 Gl\u00fchbirnen installiert und lockte viele Besucher.<br \/>\nIm Jahr 1999 waren ca. 10.000 Gl\u00fchbirnen installiert und es wurden \u00fcber 12.000 DM (Deutsche Mark) gespendet<br \/>\nIm Jahr 2000 waren ca. 15.000 Gl\u00fchbirnen installiert und es wurden \u00fcber 20.000 Mark gespendet<br \/>\nIm Jahr 2001 waren ca. 25.000 Gl\u00fchbirnen installiert und es wurden 8.000\u20ac gespendet.<\/p>\n<p><strong>Halloweenhaus<\/strong><br \/>\nIm Jahr 2008 waren viele Besucher da und haben \u00fcber 3500\u20ac gespendet.<br \/>\nIm Jahr 2009 waren ca. 3.600 Besucher da und haben \u00fcber 6000\u20ac gespendet.<br \/>\nIm Jahr 2010 waren ca. 4.000 Besucher da und haben \u00fcber 7000\u20ac gespendet.<br \/>\nIm Jahr 2012 waren ca. 6.000 Besucher da und haben \u00fcber 11000\u20ac gespendet.<br \/>\nIm Jahr 2013 waren ca 10.000 Besucher da und haben \u00fcber 17.500\u20ac gespendet.<br \/>\nDas gespendete Geld ging an die Aktion vom Westf\u00e4lischen Anzeiger: &#8222;Menschen in Not&#8220;<\/p>\n","protected":false},"excerpt":{"rendered":"<p>vom Halloween-Haus Das Privathaus von Gerd Willenberg wird in der Regel im Rhythmus von 2 auf einander folgenden Jahren mit einem anschlie\u00dfenden Jahr Pause dekoriert. W\u00fcrstchen, Punsch und ein wechselndes Sortiment aus Waffeln, selbst gemachten Halloween T\u00f6rtchen\/Keksen etc. gibt es gegen eine kleine Mindestspende. 1998 fing alles mit dem Weihnachtshaus an. 1999 wurden bereits Spendengelder &hellip; <a href=\"http:\/\/halloween-haus.de\/?page_id=709\" class=\"more-link\"><span class=\"screen-reader-text\">Geschichte<\/span> weiterlesen <span class=\"meta-nav\">&rarr;<\/span><\/a><\/p>\n","protected":false},"author":1,"featured_media":0,"parent":0,"menu_order":0,"comment_status":"closed","ping_status":"closed","template":"","meta":[],"_links":{"self":[{"href":"http:\/\/halloween-haus.de\/index.php?rest_route=\/wp\/v2\/pages\/709"}],"collection":[{"href":"http:\/\/halloween-haus.de\/index.php?rest_route=\/wp\/v2\/pages"}],"about":[{"href":"http:\/\/halloween-haus.de\/index.php?rest_route=\/wp\/v2\/types\/page"}],"author":[{"embeddable":true,"href":"http:\/\/halloween-haus.de\/index.php?rest_route=\/wp\/v2\/users\/1"}],"replies":[{"embeddable":true,"href":"http:\/\/halloween-haus.de\/index.php?rest_route=%2Fwp%2Fv2%2Fcomments&post=709"}],"version-history":[{"count":25,"href":"http:\/\/halloween-haus.de\/index.php?rest_route=\/wp\/v2\/pages\/709\/revisions"}],"predecessor-version":[{"id":1359,"href":"http:\/\/halloween-haus.de\/index.php?rest_route=\/wp\/v2\/pages\/709\/revisions\/1359"}],"wp:attachment":[{"href":"http:\/\/halloween-haus.de\/index.php?rest_route=%2Fwp%2Fv2%2Fmedia&parent=709"}],"curies":[{"name":"wp","href":"https:\/\/api.w.org\/{rel}","templated":true}]}}